{"id":69,"date":"2025-12-25T15:12:53","date_gmt":"2025-12-25T15:12:53","guid":{"rendered":"https:\/\/priscaari.fr\/?page_id=69"},"modified":"2025-12-27T18:05:34","modified_gmt":"2025-12-27T18:05:34","slug":"accueil","status":"publish","type":"page","link":"https:\/\/priscaari.fr\/","title":{"rendered":"Accueil"},"content":{"rendered":"\n<div class=\"wp-block-media-text is-stacked-on-mobile is-vertically-aligned-top\"><figure class=\"wp-block-media-text__media\"><img loading=\"lazy\" decoding=\"async\" width=\"1024\" height=\"838\" src=\"http:\/\/priscaari.fr\/wp-content\/uploads\/2025\/12\/ari-1024x838.png\" alt=\"\" class=\"wp-image-201 size-full\" srcset=\"https:\/\/priscaari.fr\/wp-content\/uploads\/2025\/12\/ari-1024x838.png 1024w, https:\/\/priscaari.fr\/wp-content\/uploads\/2025\/12\/ari-300x245.png 300w, https:\/\/priscaari.fr\/wp-content\/uploads\/2025\/12\/ari-768x628.png 768w, https:\/\/priscaari.fr\/wp-content\/uploads\/2025\/12\/ari.png 1073w\" sizes=\"auto, (max-width: 1024px) 100vw, 1024px\" \/><\/figure><div class=\"wp-block-media-text__content\">\n<p>Je suis n\u00e9e et j&rsquo;ai grandi \u00e0 Madagascar. <br>Et un jour, j&rsquo;ai eu la chance de voyager&#8230;Tout a commenc\u00e9 avec un petit appareil compact qu&rsquo;on m&rsquo;a offert \u00e0 mon arriv\u00e9e en France en 2013 . <br>Je filmais des moments du quotidien, en mode cam\u00e9ra embarqu\u00e9e, ici et l\u00e0. C\u2019\u00e9tait une fa\u00e7on simple de partager des images avec ma famille rest\u00e9e \u00e0 Madagascar, qui n\u2019a pas toujours eu la chance de voyager.<\/p>\n\n\n\n<p>En 2018, j\u2019ai pr\u00e9sent\u00e9 mon premier film en festival, o\u00f9 il a \u00e9t\u00e9 prim\u00e9. Cette premi\u00e8re exp\u00e9rience m\u2019a men\u00e9e \u00e0 r\u00e9aliser un second film, lui aussi r\u00e9compens\u00e9, puis \u00e0 participer comme membre du jury dans un festival.<\/p>\n\n\n\n<p>Les images ont toujours \u00e9t\u00e9 pour moi une mani\u00e8re de m\u2019exprimer. <br>Il y a quelque chose de profond\u00e9ment juste dans le silence de la photographie : la possibilit\u00e9 de dire beaucoup, sans mots. <br><br>Depuis 2016, je fais partie d\u2019une \u00e9quipe qui organise des s\u00e9jours parapente \u00e0 Madagascar. Ces ann\u00e9es de voyages m\u2019ont peu \u00e0 peu donn\u00e9 envie d\u2019autre chose : ralentir, observer davantage, et proposer aujourd\u2019hui des voyages photo, plus contemplatifs. <br>Mes exp\u00e9riences \u00e0 Madagascar ont nourri le d\u00e9sir de cr\u00e9er un voyage diff\u00e9rent, profond\u00e9ment humain, impr\u00e9gn\u00e9 de mon univers. <br>Ici, vous ne venez pas seulement photographier. Vous \u00eates invit\u00e9s \u00e0 vivre, \u00e0 rencontrer, \u00e0 \u00e9changer, \u00e0 partager des repas et des moments simples avec les habitants, \u00e0 \u00e9couter leurs histoires. <br>Ce voyage est une immersion dans l\u2019\u00e2me de Madagascar et de son peuple, une invitation \u00e0 ressentir le temps qui passe, \u00e0 observer. <br><br>Ensemble, nous capterons l\u2019essentiel : l\u2019\u00e9motion, la lumi\u00e8re, l\u2019instant vrai.<\/p>\n<\/div><\/div>\n\n\n\n<figure class=\"wp-block-image size-large\"><img loading=\"lazy\" decoding=\"async\" width=\"723\" height=\"1024\" src=\"https:\/\/priscaari.fr\/wp-content\/uploads\/2025\/12\/Voyage-photo-723x1024.png\" alt=\"\" class=\"wp-image-151\" srcset=\"https:\/\/priscaari.fr\/wp-content\/uploads\/2025\/12\/Voyage-photo-723x1024.png 723w, https:\/\/priscaari.fr\/wp-content\/uploads\/2025\/12\/Voyage-photo-212x300.png 212w, https:\/\/priscaari.fr\/wp-content\/uploads\/2025\/12\/Voyage-photo.png 762w\" sizes=\"auto, (max-width: 723px) 100vw, 723px\" \/><\/figure>\n","protected":false},"excerpt":{"rendered":"<p>Je suis n\u00e9e et j&rsquo;ai grandi \u00e0 Madagascar. Et un jour, j&rsquo;ai eu la chance de voyager&#8230;Tout a commenc\u00e9 avec un petit appareil compact qu&rsquo;on m&rsquo;a offert \u00e0 mon arriv\u00e9e en France en 2013 . Je filmais des moments du quotidien, en mode cam\u00e9ra embarqu\u00e9e, ici et l\u00e0. C\u2019\u00e9tait une fa\u00e7on simple de partager des&hellip;&nbsp;<a href=\"https:\/\/priscaari.fr\/\" rel=\"bookmark\"><span class=\"screen-reader-text\">Accueil<\/span><\/a><\/p>\n","protected":false},"author":1,"featured_media":41,"parent":0,"menu_order":0,"comment_status":"closed","ping_status":"closed","template":"","meta":{"neve_meta_sidebar":"","neve_meta_container":"","neve_meta_enable_content_width":"","neve_meta_content_width":0,"neve_meta_title_alignment":"","neve_meta_author_avatar":"","neve_post_elements_order":"","neve_meta_disable_header":"","neve_meta_disable_footer":"","neve_meta_disable_title":"","footnotes":""},"class_list":["post-69","page","type-page","status-publish","has-post-thumbnail","hentry"],"_links":{"self":[{"href":"https:\/\/priscaari.fr\/index.php\/wp-json\/wp\/v2\/pages\/69","targetHints":{"allow":["GET"]}}],"collection":[{"href":"https:\/\/priscaari.fr\/index.php\/wp-json\/wp\/v2\/pages"}],"about":[{"href":"https:\/\/priscaari.fr\/index.php\/wp-json\/wp\/v2\/types\/page"}],"author":[{"embeddable":true,"href":"https:\/\/priscaari.fr\/index.php\/wp-json\/wp\/v2\/users\/1"}],"replies":[{"embeddable":true,"href":"https:\/\/priscaari.fr\/index.php\/wp-json\/wp\/v2\/comments?post=69"}],"version-history":[{"count":17,"href":"https:\/\/priscaari.fr\/index.php\/wp-json\/wp\/v2\/pages\/69\/revisions"}],"predecessor-version":[{"id":202,"href":"https:\/\/priscaari.fr\/index.php\/wp-json\/wp\/v2\/pages\/69\/revisions\/202"}],"wp:featuredmedia":[{"embeddable":true,"href":"https:\/\/priscaari.fr\/index.php\/wp-json\/wp\/v2\/media\/41"}],"wp:attachment":[{"href":"https:\/\/priscaari.fr\/index.php\/wp-json\/wp\/v2\/media?parent=69"}],"curies":[{"name":"wp","href":"https:\/\/api.w.org\/{rel}","templated":true}]}}