{"id":47,"date":"2025-12-25T14:38:33","date_gmt":"2025-12-25T14:38:33","guid":{"rendered":"https:\/\/priscaari.fr\/?page_id=47"},"modified":"2025-12-25T20:09:17","modified_gmt":"2025-12-25T20:09:17","slug":"portfolio","status":"publish","type":"page","link":"https:\/\/priscaari.fr\/index.php\/portfolio\/","title":{"rendered":"Portfolio"},"content":{"rendered":"\n<div class=\"wp-block-columns is-layout-flex wp-container-core-columns-is-layout-9d6595d7 wp-block-columns-is-layout-flex\">\n<div class=\"wp-block-column is-layout-flow wp-block-column-is-layout-flow\">\n<figure class=\"wp-block-image size-large is-resized\"><img loading=\"lazy\" decoding=\"async\" width=\"681\" height=\"1024\" src=\"https:\/\/priscaari.fr\/wp-content\/uploads\/2025\/12\/Capture-decran-2025-12-25-a-17.24.11-1-681x1024.png\" alt=\"\" class=\"wp-image-119\" style=\"aspect-ratio:0.665043677502506;width:508px;height:auto\" srcset=\"https:\/\/priscaari.fr\/wp-content\/uploads\/2025\/12\/Capture-decran-2025-12-25-a-17.24.11-1-681x1024.png 681w, https:\/\/priscaari.fr\/wp-content\/uploads\/2025\/12\/Capture-decran-2025-12-25-a-17.24.11-1-200x300.png 200w, https:\/\/priscaari.fr\/wp-content\/uploads\/2025\/12\/Capture-decran-2025-12-25-a-17.24.11-1.png 718w\" sizes=\"auto, (max-width: 681px) 100vw, 681px\" \/><\/figure>\n\n\n\n<p style=\"font-size:14px\"><strong>Tongasoa<\/strong> (Bienvenue)<br>Entre la maison et le monde<\/p>\n<\/div>\n\n\n\n<div class=\"wp-block-column is-layout-flow wp-block-column-is-layout-flow\">\n<div style=\"height:100px\" aria-hidden=\"true\" class=\"wp-block-spacer\"><\/div>\n\n\n\n<p style=\"font-size:14px\"><strong>Espoir<\/strong><br>L&rsquo;avenir commence ici<\/p>\n\n\n\n<figure class=\"wp-block-image size-full is-resized\"><img loading=\"lazy\" decoding=\"async\" width=\"581\" height=\"874\" src=\"https:\/\/priscaari.fr\/wp-content\/uploads\/2025\/12\/Capture-decran-2025-12-25-a-17.30.11-1.png\" alt=\"\" class=\"wp-image-120\" style=\"aspect-ratio:0.6647699822856836;width:492px;height:auto\" srcset=\"https:\/\/priscaari.fr\/wp-content\/uploads\/2025\/12\/Capture-decran-2025-12-25-a-17.30.11-1.png 581w, https:\/\/priscaari.fr\/wp-content\/uploads\/2025\/12\/Capture-decran-2025-12-25-a-17.30.11-1-199x300.png 199w\" sizes=\"auto, (max-width: 581px) 100vw, 581px\" \/><\/figure>\n<\/div>\n<\/div>\n\n\n\n<div class=\"wp-block-columns is-layout-flex wp-container-core-columns-is-layout-9d6595d7 wp-block-columns-is-layout-flex\">\n<div class=\"wp-block-column is-layout-flow wp-block-column-is-layout-flow\">\n<figure class=\"wp-block-image size-full is-resized\"><img loading=\"lazy\" decoding=\"async\" width=\"580\" height=\"906\" src=\"https:\/\/priscaari.fr\/wp-content\/uploads\/2025\/12\/Capture-decran-2025-12-25-a-17.58.09.png\" alt=\"\" class=\"wp-image-124\" style=\"width:497px;height:auto\" srcset=\"https:\/\/priscaari.fr\/wp-content\/uploads\/2025\/12\/Capture-decran-2025-12-25-a-17.58.09.png 580w, https:\/\/priscaari.fr\/wp-content\/uploads\/2025\/12\/Capture-decran-2025-12-25-a-17.58.09-192x300.png 192w\" sizes=\"auto, (max-width: 580px) 100vw, 580px\" \/><\/figure>\n\n\n\n<p style=\"font-size:14px\"><strong>La pudeur<\/strong><br>Ce qui se vit \u00e0 l&rsquo;int\u00e9rieur se devine \u00e0 peine<\/p>\n<\/div>\n\n\n\n<div class=\"wp-block-column is-layout-flow wp-block-column-is-layout-flow\">\n<div style=\"height:100px\" aria-hidden=\"true\" class=\"wp-block-spacer\"><\/div>\n\n\n\n<p style=\"font-size:14px\"><strong>Le temps dans le regard<\/strong><br>Et dans ce regard habite un monde&#8230;<\/p>\n\n\n\n<figure class=\"wp-block-image size-full is-resized\"><img loading=\"lazy\" decoding=\"async\" width=\"580\" height=\"870\" src=\"https:\/\/priscaari.fr\/wp-content\/uploads\/2025\/12\/Capture-decran-2025-12-25-a-18.05.02.png\" alt=\"\" class=\"wp-image-125\" style=\"width:468px;height:auto\" srcset=\"https:\/\/priscaari.fr\/wp-content\/uploads\/2025\/12\/Capture-decran-2025-12-25-a-18.05.02.png 580w, https:\/\/priscaari.fr\/wp-content\/uploads\/2025\/12\/Capture-decran-2025-12-25-a-18.05.02-200x300.png 200w\" sizes=\"auto, (max-width: 580px) 100vw, 580px\" \/><\/figure>\n<\/div>\n<\/div>\n\n\n\n<p><\/p>\n","protected":false},"excerpt":{"rendered":"<p>Tongasoa (Bienvenue)Entre la maison et le monde EspoirL&rsquo;avenir commence ici La pudeurCe qui se vit \u00e0 l&rsquo;int\u00e9rieur se devine \u00e0 peine Le temps dans le regardEt dans ce regard habite un monde&#8230;<\/p>\n","protected":false},"author":1,"featured_media":0,"parent":0,"menu_order":0,"comment_status":"closed","ping_status":"closed","template":"","meta":{"neve_meta_sidebar":"","neve_meta_container":"","neve_meta_enable_content_width":"","neve_meta_content_width":0,"neve_meta_title_alignment":"","neve_meta_author_avatar":"","neve_post_elements_order":"","neve_meta_disable_header":"","neve_meta_disable_footer":"","neve_meta_disable_title":"","footnotes":""},"class_list":["post-47","page","type-page","status-publish","hentry"],"_links":{"self":[{"href":"https:\/\/priscaari.fr\/index.php\/wp-json\/wp\/v2\/pages\/47","targetHints":{"allow":["GET"]}}],"collection":[{"href":"https:\/\/priscaari.fr\/index.php\/wp-json\/wp\/v2\/pages"}],"about":[{"href":"https:\/\/priscaari.fr\/index.php\/wp-json\/wp\/v2\/types\/page"}],"author":[{"embeddable":true,"href":"https:\/\/priscaari.fr\/index.php\/wp-json\/wp\/v2\/users\/1"}],"replies":[{"embeddable":true,"href":"https:\/\/priscaari.fr\/index.php\/wp-json\/wp\/v2\/comments?post=47"}],"version-history":[{"count":8,"href":"https:\/\/priscaari.fr\/index.php\/wp-json\/wp\/v2\/pages\/47\/revisions"}],"predecessor-version":[{"id":135,"href":"https:\/\/priscaari.fr\/index.php\/wp-json\/wp\/v2\/pages\/47\/revisions\/135"}],"wp:attachment":[{"href":"https:\/\/priscaari.fr\/index.php\/wp-json\/wp\/v2\/media?parent=47"}],"curies":[{"name":"wp","href":"https:\/\/api.w.org\/{rel}","templated":true}]}}