{"id":177,"date":"2025-12-27T11:10:31","date_gmt":"2025-12-27T11:10:31","guid":{"rendered":"https:\/\/priscaari.fr\/?page_id=177"},"modified":"2025-12-27T12:50:36","modified_gmt":"2025-12-27T12:50:36","slug":"voyages","status":"publish","type":"page","link":"https:\/\/priscaari.fr\/index.php\/voyages\/","title":{"rendered":"Voyages"},"content":{"rendered":"\n<div class=\"wp-block-cover\"><img loading=\"lazy\" decoding=\"async\" width=\"1024\" height=\"574\" class=\"wp-block-cover__image-background wp-image-182 size-large\" alt=\"\" src=\"http:\/\/priscaari.fr\/wp-content\/uploads\/2025\/12\/Capture-decran-2025-12-27-a-12.12.15-1024x574.png\" data-object-fit=\"cover\" srcset=\"https:\/\/priscaari.fr\/wp-content\/uploads\/2025\/12\/Capture-decran-2025-12-27-a-12.12.15-1024x574.png 1024w, https:\/\/priscaari.fr\/wp-content\/uploads\/2025\/12\/Capture-decran-2025-12-27-a-12.12.15-300x168.png 300w, https:\/\/priscaari.fr\/wp-content\/uploads\/2025\/12\/Capture-decran-2025-12-27-a-12.12.15-768x431.png 768w, https:\/\/priscaari.fr\/wp-content\/uploads\/2025\/12\/Capture-decran-2025-12-27-a-12.12.15-1536x862.png 1536w, https:\/\/priscaari.fr\/wp-content\/uploads\/2025\/12\/Capture-decran-2025-12-27-a-12.12.15.png 1920w\" sizes=\"auto, (max-width: 1024px) 100vw, 1024px\" \/><span aria-hidden=\"true\" class=\"wp-block-cover__background has-background-dim\" style=\"background-color:#8c674e\"><\/span><div class=\"wp-block-cover__inner-container is-layout-constrained wp-block-cover-is-layout-constrained\">\n<p class=\"has-text-align-center has-large-font-size\">Stage photo au c\u0153ur des Hauts Plateaux de Madagascar<\/p>\n<\/div><\/div>\n\n\n\n<div class=\"wp-block-media-text is-stacked-on-mobile\"><figure class=\"wp-block-media-text__media\"><\/figure><div class=\"wp-block-media-text__content\">\n<p><\/p>\n<\/div><\/div>\n\n\n\n<div class=\"wp-block-columns is-layout-flex wp-container-core-columns-is-layout-9d6595d7 wp-block-columns-is-layout-flex\">\n<div class=\"wp-block-column is-layout-flow wp-block-column-is-layout-flow\" style=\"flex-basis:50%\">\n<figure class=\"wp-block-image is-resized\"><img loading=\"lazy\" decoding=\"async\" width=\"677\" height=\"1024\" src=\"https:\/\/priscaari.fr\/wp-content\/uploads\/2025\/12\/Capture-decran-2025-12-27-a-12.19.32-677x1024.png\" alt=\"\" class=\"wp-image-185\" style=\"aspect-ratio:0.6611381998078086;width:504px;height:auto\" srcset=\"https:\/\/priscaari.fr\/wp-content\/uploads\/2025\/12\/Capture-decran-2025-12-27-a-12.19.32-677x1024.png 677w, https:\/\/priscaari.fr\/wp-content\/uploads\/2025\/12\/Capture-decran-2025-12-27-a-12.19.32-198x300.png 198w, https:\/\/priscaari.fr\/wp-content\/uploads\/2025\/12\/Capture-decran-2025-12-27-a-12.19.32.png 713w\" sizes=\"auto, (max-width: 677px) 100vw, 677px\" \/><\/figure>\n<\/div>\n\n\n\n<div class=\"wp-block-column is-layout-flow wp-block-column-is-layout-flow\" style=\"flex-basis:50%\">\n<p><strong>L\u2019esprit du voyage<\/strong><\/p>\n\n\n\n<p>Ce voyage de\u00a010 jours\u00a0vous invite \u00e0 d\u00e9couvrir Madagascar\u00a0\u00e0 travers une exp\u00e9rience\u00a0authentique. <br>Un itin\u00e9raire pens\u00e9 pour prendre le temps, observer, rencontrer et s\u2019impr\u00e9gner du lieu, loin du tourisme press\u00e9.<\/p>\n\n\n\n<p><strong>Dur\u00e9e :<\/strong>\u00a0<strong>10 jours \/ 9 nuits<\/strong><br><strong>Groupe :<\/strong>\u00a0 3 \u00e0 5 personnes pour favoriser les \u00e9changes et la convivialit\u00e9.<br><strong><strong>Niveau :<\/strong>\u00a0facile <\/strong><br>Accessible \u00e0 toute personne en bonne condition physique.<br><strong>Le prix comprend<\/strong> : <br>&#8211; La navette a\u00e9roport pour l\u2019arriv\u00e9e la veille du d\u00e9but du s\u00e9jour et le retour le dernier jour du s\u00e9jour (au-del\u00e0 de ces dates, la navette n\u2019est pas prise en charge) <br>&#8211; 9 nuits d\u2019h\u00e9bergement <br>&#8211; Les repas complets pendant 10 jours <br>&#8211; L\u2019eau pendant toute la dur\u00e9e du s\u00e9jour <br> &#8211; Un atelier ou une excursion accompagn\u00e9e par un photographe local<br>&#8211; L&rsquo;accompagnement et traduction tout le long de s\u00e9jours <br><strong>Le prix ne comprend pas : <\/strong><br>&#8211; Le trajet entre votre domicile et l\u2019a\u00e9roport de d\u00e9part <br>&#8211; Les billets d\u2019avion <br>&#8211; Les boissons autres que l\u2019eau <br>&#8211; L\u2019assurance <br>&#8211; Les activit\u00e9s optionnelles ou en annexe non pr\u00e9vues dans l\u2019organisation<\/p>\n<\/div>\n<\/div>\n\n\n\n<div class=\"wp-block-media-text is-stacked-on-mobile\"><figure class=\"wp-block-media-text__media\"><img loading=\"lazy\" decoding=\"async\" width=\"1024\" height=\"575\" src=\"https:\/\/priscaari.fr\/wp-content\/uploads\/2025\/12\/Capture-decran-2025-12-27-a-13.47.03-1024x575.png\" alt=\"\" class=\"wp-image-197 size-full\" srcset=\"https:\/\/priscaari.fr\/wp-content\/uploads\/2025\/12\/Capture-decran-2025-12-27-a-13.47.03-1024x575.png 1024w, https:\/\/priscaari.fr\/wp-content\/uploads\/2025\/12\/Capture-decran-2025-12-27-a-13.47.03-300x168.png 300w, https:\/\/priscaari.fr\/wp-content\/uploads\/2025\/12\/Capture-decran-2025-12-27-a-13.47.03-768x431.png 768w, https:\/\/priscaari.fr\/wp-content\/uploads\/2025\/12\/Capture-decran-2025-12-27-a-13.47.03-1536x863.png 1536w, https:\/\/priscaari.fr\/wp-content\/uploads\/2025\/12\/Capture-decran-2025-12-27-a-13.47.03.png 1551w\" sizes=\"auto, (max-width: 1024px) 100vw, 1024px\" \/><\/figure><div class=\"wp-block-media-text__content\">\n<p><\/p>\n<\/div><\/div>\n","protected":false},"excerpt":{"rendered":"<p>L\u2019esprit du voyage Ce voyage de\u00a010 jours\u00a0vous invite \u00e0 d\u00e9couvrir Madagascar\u00a0\u00e0 travers une exp\u00e9rience\u00a0authentique. Un itin\u00e9raire pens\u00e9 pour prendre le temps, observer, rencontrer et s\u2019impr\u00e9gner du lieu, loin du tourisme press\u00e9. Dur\u00e9e :\u00a010 jours \/ 9 nuitsGroupe :\u00a0 3 \u00e0 5 personnes pour favoriser les \u00e9changes et la convivialit\u00e9.Niveau :\u00a0facile Accessible \u00e0 toute personne en&hellip;&nbsp;<a href=\"https:\/\/priscaari.fr\/index.php\/voyages\/\" rel=\"bookmark\"><span class=\"screen-reader-text\">Voyages<\/span><\/a><\/p>\n","protected":false},"author":1,"featured_media":0,"parent":0,"menu_order":0,"comment_status":"closed","ping_status":"closed","template":"","meta":{"neve_meta_sidebar":"","neve_meta_container":"","neve_meta_enable_content_width":"","neve_meta_content_width":0,"neve_meta_title_alignment":"","neve_meta_author_avatar":"","neve_post_elements_order":"","neve_meta_disable_header":"","neve_meta_disable_footer":"","neve_meta_disable_title":"","footnotes":""},"class_list":["post-177","page","type-page","status-publish","hentry"],"_links":{"self":[{"href":"https:\/\/priscaari.fr\/index.php\/wp-json\/wp\/v2\/pages\/177","targetHints":{"allow":["GET"]}}],"collection":[{"href":"https:\/\/priscaari.fr\/index.php\/wp-json\/wp\/v2\/pages"}],"about":[{"href":"https:\/\/priscaari.fr\/index.php\/wp-json\/wp\/v2\/types\/page"}],"author":[{"embeddable":true,"href":"https:\/\/priscaari.fr\/index.php\/wp-json\/wp\/v2\/users\/1"}],"replies":[{"embeddable":true,"href":"https:\/\/priscaari.fr\/index.php\/wp-json\/wp\/v2\/comments?post=177"}],"version-history":[{"count":10,"href":"https:\/\/priscaari.fr\/index.php\/wp-json\/wp\/v2\/pages\/177\/revisions"}],"predecessor-version":[{"id":198,"href":"https:\/\/priscaari.fr\/index.php\/wp-json\/wp\/v2\/pages\/177\/revisions\/198"}],"wp:attachment":[{"href":"https:\/\/priscaari.fr\/index.php\/wp-json\/wp\/v2\/media?parent=177"}],"curies":[{"name":"wp","href":"https:\/\/api.w.org\/{rel}","templated":true}]}}